{"id":30,"date":"2025-02-04T14:53:07","date_gmt":"2025-02-04T14:53:07","guid":{"rendered":"https:\/\/adelfort.ee\/meist\/"},"modified":"2025-03-19T07:02:17","modified_gmt":"2025-03-19T07:02:17","slug":"meist","status":"publish","type":"page","link":"https:\/\/adelfort.ee\/en\/meist\/","title":{"rendered":"About us"},"content":{"rendered":"<div class=\"wp-block-group alignfull has-foreground-background-color has-background has-global-padding is-layout-constrained wp-block-group-is-layout-constrained\" style=\"margin-top:0;margin-bottom:0;padding-top:0;padding-bottom:0;background-image:url(&apos;https:\/\/adelfort.ee\/wp-content\/uploads\/2025\/02\/bokeh-lights-greenness-1-scaled.jpg&apos;);background-size:cover;\">\n<div class=\"wp-block-group alignwide has-global-padding is-layout-constrained wp-block-group-is-layout-constrained\" style=\"padding-top:var(--wp--preset--spacing--30);padding-bottom:var(--wp--preset--spacing--30)\">\n<p class=\"has-text-align-center has-xx-large-font-size\">About us<\/p>\n<\/div>\n<\/div>\n\n\n\n<div class=\"wp-block-group alignfull has-tertiary-background-color has-background has-global-padding is-layout-constrained wp-container-core-group-is-layout-7276a2bb wp-block-group-is-layout-constrained\" id=\"meist\" style=\"margin-top:0;margin-bottom:0;padding-top:var(--wp--preset--spacing--60);padding-right:var(--wp--preset--spacing--30);padding-bottom:var(--wp--preset--spacing--60);padding-left:var(--wp--preset--spacing--30)\">\n<div class=\"wp-block-columns alignwide is-layout-flex wp-container-core-columns-is-layout-47c06fe3 wp-block-columns-is-layout-flex\">\n<div class=\"wp-block-column is-layout-flow wp-container-core-column-is-layout-119bc444 wp-block-column-is-layout-flow\" style=\"flex-basis:60%\">\n<h2 class=\"wp-block-heading\">Flexible solutions<\/h2>\n\n\n\n<p class=\"has-medium-font-size\" style=\"margin-top:16px\">Adelfort O\u00dc is a workforce company dedicated to providing quality professionals in the fields of car repair, industry and warehousing. Our goal is to help companies find reliable and experienced employees, ensuring smooth and efficient cooperation.<\/p>\n\n\n\n<p>Neemo, the founder of the company, has nearly 20 years of experience in car repair in Finland, which gives him a thorough understanding of the needs of the sector and high quality standards. His experience is reflected in our ability to provide a skilled workforce in the car repair industry.<\/p>\n\n\n\n<p>Veronika has extensive experience in the field of labour market management. She has successfully placed more than 500 employees in various manufacturing companies across Estonia. Veronika's knowledge and experience help to understand the needs of different manufacturing and logistics companies and to find the right employees for them.<\/p>\n\n\n\n<p>Adelfort O\u00dc values long-term partnerships, quality and reliability. Our services include the placement of qualified automation technicians, industrial workers and warehouse staff, ensuring a smooth workflow at every stage.<\/p>\n\n\n\n<div class=\"wp-block-buttons is-content-justification-left is-layout-flex wp-container-core-buttons-is-layout-fc4fd283 wp-block-buttons-is-layout-flex\">\n<div class=\"wp-block-button is-style-outline is-style-outline--1\"><a class=\"wp-block-button__link wp-element-button\" href=\"https:\/\/adelfort.ee\/en\/kontakt\/\">Contact us<\/a><\/div>\n<\/div>\n<\/div>\n\n\n\n<div class=\"wp-block-column is-vertically-aligned-top is-layout-flow wp-container-core-column-is-layout-f5bb311e wp-block-column-is-layout-flow\" style=\"flex-basis:50%\">\n<figure class=\"wp-block-image size-large has-custom-border\"><img loading=\"lazy\" decoding=\"async\" width=\"683\" height=\"1024\" src=\"https:\/\/adelfort.ee\/wp-content\/uploads\/2025\/03\/colorful-paper-chains-still-life-683x1024.jpg\" alt=\"\" class=\"wp-image-157\" style=\"border-radius:1.5rem;aspect-ratio:1;object-fit:cover\" srcset=\"https:\/\/adelfort.ee\/wp-content\/uploads\/2025\/03\/colorful-paper-chains-still-life-683x1024.jpg 683w, https:\/\/adelfort.ee\/wp-content\/uploads\/2025\/03\/colorful-paper-chains-still-life-200x300.jpg 200w, https:\/\/adelfort.ee\/wp-content\/uploads\/2025\/03\/colorful-paper-chains-still-life-768x1151.jpg 768w, https:\/\/adelfort.ee\/wp-content\/uploads\/2025\/03\/colorful-paper-chains-still-life-1025x1536.jpg 1025w, https:\/\/adelfort.ee\/wp-content\/uploads\/2025\/03\/colorful-paper-chains-still-life-1367x2048.jpg 1367w, https:\/\/adelfort.ee\/wp-content\/uploads\/2025\/03\/colorful-paper-chains-still-life-8x12.jpg 8w, https:\/\/adelfort.ee\/wp-content\/uploads\/2025\/03\/colorful-paper-chains-still-life-scaled.jpg 1708w\" sizes=\"auto, (max-width: 683px) 100vw, 683px\" \/><\/figure>\n<\/div>\n<\/div>\n<\/div>\n\n\n\n<div class=\"wp-block-group alignfull has-tertiary-background-color has-background has-global-padding is-layout-constrained wp-container-core-group-is-layout-7276a2bb wp-block-group-is-layout-constrained\" id=\"meeskond\" style=\"margin-top:0;margin-bottom:0;padding-top:var(--wp--preset--spacing--60);padding-right:var(--wp--preset--spacing--30);padding-bottom:var(--wp--preset--spacing--60);padding-left:var(--wp--preset--spacing--30)\">\n<div class=\"wp-block-columns alignwide is-layout-flex wp-container-core-columns-is-layout-28f84493 wp-block-columns-is-layout-flex\">\n<div class=\"wp-block-column is-layout-flow wp-container-core-column-is-layout-f5bb311e wp-block-column-is-layout-flow\">\n<div class=\"wp-block-columns has-background-background-color has-background is-layout-flex wp-container-core-columns-is-layout-d47a2335 wp-block-columns-is-layout-flex\" style=\"border-radius:1.5rem;padding-top:1.5rem;padding-right:1.5rem;padding-bottom:1.5rem;padding-left:1.5rem\">\n<div class=\"wp-block-column is-layout-flow wp-block-column-is-layout-flow\" style=\"flex-basis:40%\">\n<figure class=\"wp-block-image size-large has-custom-border is-style-default\"><img loading=\"lazy\" decoding=\"async\" width=\"1024\" height=\"1024\" src=\"https:\/\/adelfort.ee\/wp-content\/uploads\/2025\/02\/48380953_2042332822469112_45484558363131904_n-1024x1024.jpg\" alt=\"\" class=\"wp-image-98\" style=\"border-radius:1.5rem;aspect-ratio:1;object-fit:cover\" srcset=\"https:\/\/adelfort.ee\/wp-content\/uploads\/2025\/02\/48380953_2042332822469112_45484558363131904_n-1024x1024.jpg 1024w, https:\/\/adelfort.ee\/wp-content\/uploads\/2025\/02\/48380953_2042332822469112_45484558363131904_n-300x300.jpg 300w, https:\/\/adelfort.ee\/wp-content\/uploads\/2025\/02\/48380953_2042332822469112_45484558363131904_n-150x150.jpg 150w, https:\/\/adelfort.ee\/wp-content\/uploads\/2025\/02\/48380953_2042332822469112_45484558363131904_n-768x768.jpg 768w, https:\/\/adelfort.ee\/wp-content\/uploads\/2025\/02\/48380953_2042332822469112_45484558363131904_n.jpg 1192w\" sizes=\"auto, (max-width: 1024px) 100vw, 1024px\" \/><\/figure>\n<\/div>\n\n\n\n<div class=\"wp-block-column is-layout-flow wp-block-column-is-layout-flow\">\n<h4 class=\"wp-block-heading\" style=\"font-size:clamp(15.747px, 0.984rem + ((1vw - 3.2px) * 0.86), 24px);\">Neemo Saarev\u00e4li<\/h4>\n\n\n\n<p class=\"has-primary-color has-text-color has-small-font-size\" style=\"margin-top:4px\">Member of the board<\/p>\n\n\n\n<p class=\"has-small-font-size\">neemo@adelfort.ee<\/p>\n\n\n\n<p class=\"has-small-font-size\">+372 5811 9200<\/p>\n<\/div>\n<\/div>\n<\/div>\n\n\n\n<div class=\"wp-block-column is-layout-flow wp-container-core-column-is-layout-f5bb311e wp-block-column-is-layout-flow\">\n<div class=\"wp-block-columns has-background-background-color has-background is-layout-flex wp-container-core-columns-is-layout-d47a2335 wp-block-columns-is-layout-flex\" style=\"border-radius:1.5rem;padding-top:1.5rem;padding-right:1.5rem;padding-bottom:1.5rem;padding-left:1.5rem\">\n<div class=\"wp-block-column is-layout-flow wp-block-column-is-layout-flow\" style=\"flex-basis:40%\">\n<figure class=\"wp-block-image size-full has-custom-border is-style-default\"><img loading=\"lazy\" decoding=\"async\" width=\"900\" height=\"900\" src=\"https:\/\/adelfort.ee\/wp-content\/uploads\/2025\/02\/Portree.jpeg\" alt=\"\" class=\"wp-image-99\" style=\"border-radius:1.5rem;aspect-ratio:1;object-fit:cover\" srcset=\"https:\/\/adelfort.ee\/wp-content\/uploads\/2025\/02\/Portree.jpeg 900w, https:\/\/adelfort.ee\/wp-content\/uploads\/2025\/02\/Portree-300x300.jpeg 300w, https:\/\/adelfort.ee\/wp-content\/uploads\/2025\/02\/Portree-150x150.jpeg 150w, https:\/\/adelfort.ee\/wp-content\/uploads\/2025\/02\/Portree-768x768.jpeg 768w\" sizes=\"auto, (max-width: 900px) 100vw, 900px\" \/><\/figure>\n<\/div>\n\n\n\n<div class=\"wp-block-column is-layout-flow wp-block-column-is-layout-flow\">\n<h4 class=\"wp-block-heading has-text-align-left\" style=\"font-size:clamp(15.747px, 0.984rem + ((1vw - 3.2px) * 0.86), 24px);\">Veronika Saarev\u00e4li<\/h4>\n\n\n\n<p class=\"has-text-align-left has-primary-color has-text-color has-small-font-size\" style=\"margin-top:4px\">CEO<\/p>\n\n\n\n<p class=\"has-small-font-size\">veronika@adelfort.ee<\/p>\n\n\n\n<p class=\"has-small-font-size\">+372 5819 2792<\/p>\n<\/div>\n<\/div>\n<\/div>\n<\/div>\n<\/div>\n\n\n\n<div class=\"wp-block-group alignwide has-tertiary-background-color has-background has-global-padding is-layout-constrained wp-container-core-group-is-layout-056f53c0 wp-block-group-is-layout-constrained\" style=\"border-radius:1.5rem;padding-top:var(--wp--preset--spacing--40);padding-right:var(--wp--preset--spacing--40);padding-bottom:var(--wp--preset--spacing--40);padding-left:var(--wp--preset--spacing--40)\">\n<div class=\"wp-block-group alignwide is-vertical is-layout-flex wp-container-core-group-is-layout-fe9cc265 wp-block-group-is-layout-flex\">\n<div class=\"wp-block-group has-global-padding is-layout-constrained wp-block-group-is-layout-constrained\">\n<h2 class=\"wp-block-heading\" style=\"margin-top:12px\">Our values<\/h2>\n<\/div>\n<\/div>\n\n\n\n<div class=\"wp-block-columns alignwide is-layout-flex wp-container-core-columns-is-layout-47c06fe3 wp-block-columns-is-layout-flex\">\n<div class=\"wp-block-column is-layout-flow wp-block-column-is-layout-flow\">\n<div class=\"wp-block-group has-global-padding is-layout-constrained wp-block-group-is-layout-constrained\">\n<h3 class=\"wp-block-heading\" style=\"font-size:clamp(14px, 0.875rem + ((1vw - 3.2px) * 0.625), 20px);line-height:1.5\"><strong>Reliability<\/strong><\/h3>\n\n\n\n<p class=\"has-small-font-size\" style=\"margin-top:8px\">We deliver on our promises and provide a workforce that customers can rely on.<\/p>\n<\/div>\n\n\n\n<div class=\"wp-block-group has-global-padding is-layout-constrained wp-block-group-is-layout-constrained\">\n<h3 class=\"wp-block-heading\" style=\"font-size:clamp(14px, 0.875rem + ((1vw - 3.2px) * 0.625), 20px);line-height:1.5\">Cooperation<\/h3>\n\n\n\n<p class=\"has-small-font-size\" style=\"margin-top:8px\">We put long-term relationships based on mutual trust at the heart of our work.<\/p>\n<\/div>\n<\/div>\n\n\n\n<div class=\"wp-block-column is-layout-flow wp-block-column-is-layout-flow\">\n<div class=\"wp-block-group has-global-padding is-layout-constrained wp-block-group-is-layout-constrained\">\n<h3 class=\"wp-block-heading\" style=\"font-size:clamp(14px, 0.875rem + ((1vw - 3.2px) * 0.625), 20px);line-height:1.5\"><strong>Flexibility<\/strong><\/h3>\n\n\n\n<p class=\"has-small-font-size\" style=\"margin-top:8px\">We always adapt to partners' needs and situations.<\/p>\n<\/div>\n\n\n\n<div class=\"wp-block-group has-global-padding is-layout-constrained wp-block-group-is-layout-constrained\">\n<h3 class=\"wp-block-heading\" style=\"font-size:clamp(14px, 0.875rem + ((1vw - 3.2px) * 0.625), 20px);line-height:1.5\">International coverage<\/h3>\n\n\n\n<p class=\"has-small-font-size\" style=\"margin-top:8px\">We connect businesses and professionals in different countries, creating opportunities for employers and employees alike.<\/p>\n<\/div>\n<\/div>\n\n\n\n<div class=\"wp-block-column is-layout-flow wp-block-column-is-layout-flow\">\n<div class=\"wp-block-group has-global-padding is-layout-constrained wp-block-group-is-layout-constrained\">\n<h3 class=\"wp-block-heading\" style=\"font-size:clamp(14px, 0.875rem + ((1vw - 3.2px) * 0.625), 20px);line-height:1.5\"><strong>Quality<\/strong><\/h3>\n\n\n\n<p class=\"has-small-font-size\" style=\"margin-top:8px\">We carefully select our professionals to ensure excellence in every project.<\/p>\n<\/div>\n<\/div>\n<\/div>\n<\/div>","protected":false},"excerpt":{"rendered":"<p>Meist Paindlikud lahendused Adelfort O\u00dc on t\u00f6\u00f6j\u00f5urendi ettev\u00f5te, mis on p\u00fchendunud kvaliteetsete spetsialistide vahendamisele autoremondi, t\u00f6\u00f6stuse ja laot\u00f6\u00f6de valdkonnas. Meie eesm\u00e4rk on aidata ettev\u00f5tetel leida usaldusv\u00e4\u00e4rseid ja kogenud t\u00f6\u00f6tajaid, tagades sujuva ja efektiivse koost\u00f6\u00f6. Ettev\u00f5tte asutajal Neemol on ligi 20-aastane kogemus autoremondi valdkonnas Soomes, mis annab p\u00f5hjaliku arusaamise sektori vajadustest ja k\u00f5rgetest kvaliteedin\u00f5uetest. Tema kogemus [&hellip;]<\/p>\n","protected":false},"author":1,"featured_media":0,"parent":0,"menu_order":0,"comment_status":"closed","ping_status":"closed","template":"no-title","meta":{"footnotes":""},"class_list":["post-30","page","type-page","status-publish","hentry"],"aioseo_notices":[],"_links":{"self":[{"href":"https:\/\/adelfort.ee\/en\/wp-json\/wp\/v2\/pages\/30","targetHints":{"allow":["GET"]}}],"collection":[{"href":"https:\/\/adelfort.ee\/en\/wp-json\/wp\/v2\/pages"}],"about":[{"href":"https:\/\/adelfort.ee\/en\/wp-json\/wp\/v2\/types\/page"}],"author":[{"embeddable":true,"href":"https:\/\/adelfort.ee\/en\/wp-json\/wp\/v2\/users\/1"}],"replies":[{"embeddable":true,"href":"https:\/\/adelfort.ee\/en\/wp-json\/wp\/v2\/comments?post=30"}],"version-history":[{"count":5,"href":"https:\/\/adelfort.ee\/en\/wp-json\/wp\/v2\/pages\/30\/revisions"}],"predecessor-version":[{"id":160,"href":"https:\/\/adelfort.ee\/en\/wp-json\/wp\/v2\/pages\/30\/revisions\/160"}],"wp:attachment":[{"href":"https:\/\/adelfort.ee\/en\/wp-json\/wp\/v2\/media?parent=30"}],"curies":[{"name":"wp","href":"https:\/\/api.w.org\/{rel}","templated":true}]}}