{"id":33,"date":"2025-02-04T14:53:08","date_gmt":"2025-02-04T14:53:08","guid":{"rendered":"https:\/\/adelfort.ee\/meeskond\/"},"modified":"2025-04-08T07:02:18","modified_gmt":"2025-04-08T07:02:18","slug":"meeskond","status":"publish","type":"page","link":"https:\/\/adelfort.ee\/en\/meeskond\/","title":{"rendered":"Job vacancies"},"content":{"rendered":"<div class=\"wp-block-group alignfull has-foreground-background-color has-background has-global-padding is-layout-constrained wp-block-group-is-layout-constrained\" style=\"margin-top:0;margin-bottom:0;padding-top:0;padding-bottom:0;background-image:url(&apos;https:\/\/adelfort.ee\/wp-content\/uploads\/2025\/02\/bokeh-lights-greenness-1-scaled.jpg&apos;);background-size:cover;\">\n<div class=\"wp-block-group alignwide has-global-padding is-layout-constrained wp-block-group-is-layout-constrained\" style=\"padding-top:var(--wp--preset--spacing--30);padding-bottom:var(--wp--preset--spacing--30)\">\n<p class=\"has-text-align-center has-xx-large-font-size\">Job vacancies<\/p>\n<\/div>\n<\/div>\n\n\n\n<div class=\"wp-block-group alignfull has-background-background-color has-background has-global-padding is-layout-constrained wp-container-core-group-is-layout-7276a2bb wp-block-group-is-layout-constrained\" id=\"meist\" style=\"margin-top:0;margin-bottom:0;padding-top:var(--wp--preset--spacing--60);padding-right:var(--wp--preset--spacing--30);padding-bottom:var(--wp--preset--spacing--60);padding-left:var(--wp--preset--spacing--30)\">\n<div class=\"wp-block-columns alignwide is-layout-flex wp-container-core-columns-is-layout-47c06fe3 wp-block-columns-is-layout-flex\">\n<div class=\"wp-block-column is-layout-flow wp-container-core-column-is-layout-119bc444 wp-block-column-is-layout-flow\" style=\"flex-basis:60%\">\n<h2 class=\"wp-block-heading\">Car painter<\/h2>\n\n\n\n<p class=\"has-medium-font-size\" style=\"margin-top:16px\"><strong>Job description<\/strong><\/p>\n\n\n\n<ul class=\"wp-block-list\">\n<li>Preparation of vehicles and their parts for painting, including surface cleaning and finishing.<\/li>\n\n\n\n<li>Painting of vehicles and parts, using different painting techniques and materials.<\/li>\n\n\n\n<li>Ensure that the painting surface is clean, dry and well prepared to achieve a high quality finish.<\/li>\n\n\n\n<li>T\u00f6\u00f6tada koos meeskonnaga, et t\u00e4ita projekti t\u00e4htaegu ja kvaliteedin\u00f5udeid.<\/li>\n\n\n\n<li>Look after tools and equipment and keep the workplace tidy and organised.<\/li>\n<\/ul>\n\n\n\n<p class=\"has-medium-font-size\"><strong>Expectations for the candidate<\/strong><\/p>\n\n\n\n<ul class=\"wp-block-list\">\n<li>At least 3 years of work experience.<\/li>\n\n\n\n<li>Ability to work in different environments.<\/li>\n\n\n\n<li>Strength and physical endurance to perform work tasks that may involve physical exertion of the body.<\/li>\n\n\n\n<li>Good time management skills and the ability to manage several tasks simultaneously.<\/li>\n\n\n\n<li>Willingness to learn and adapt to the latest painting technologies and materials.<\/li>\n\n\n\n<li>Accuracy and attention to detail to ensure quality and accuracy of work.<\/li>\n\n\n\n<li>Positive attitude and a team spirit to support colleagues and achieve common goals.<\/li>\n<\/ul>\n\n\n\n<p class=\"has-medium-font-size\"><strong>The company offers<\/strong><\/p>\n\n\n\n<ul class=\"wp-block-list\">\n<li>Brutotasu 2980-3180\u20ac\/kuus, lisaks laevapiletite ja k\u00fctusekompensatsioon.<\/li>\n\n\n\n<li>T\u00f6\u00f6koht d\u00fcnaamilises ja toetavas keskkonnas.<\/li>\n\n\n\n<li>Flexible working time arrangements (very convenient for the employee).<\/li>\n\n\n\n<li>Free accommodation in Finland.<\/li>\n<\/ul>\n\n\n\n<p class=\"has-medium-font-size\" style=\"margin-top:16px\"><strong>For more information call +372 5811 9200.&nbsp;<\/strong><\/p>\n<\/div>\n\n\n\n<div class=\"wp-block-column is-vertically-aligned-top is-layout-flow wp-container-core-column-is-layout-f5bb311e wp-block-column-is-layout-flow\" style=\"flex-basis:50%\"><\/div>\n<\/div>\n\n\n\n<div class=\"wp-block-cover alignwide is-light\" style=\"border-radius:1.5rem;min-height:356px;aspect-ratio:unset;\"><span aria-hidden=\"true\" class=\"wp-block-cover__background has-background-dim-0 has-background-dim\" style=\"background-color:#bfbfbf\"><\/span><img loading=\"lazy\" decoding=\"async\" width=\"2560\" height=\"1707\" class=\"wp-block-cover__image-background wp-image-137\" alt=\"\" src=\"https:\/\/adelfort.ee\/wp-content\/uploads\/2025\/02\/man-hazmat-suit-using-gun-paint-car-shop-scaled.jpg\" style=\"object-position:52% 40%\" data-object-fit=\"cover\" data-object-position=\"52% 40%\" srcset=\"https:\/\/adelfort.ee\/wp-content\/uploads\/2025\/02\/man-hazmat-suit-using-gun-paint-car-shop-scaled.jpg 2560w, https:\/\/adelfort.ee\/wp-content\/uploads\/2025\/02\/man-hazmat-suit-using-gun-paint-car-shop-300x200.jpg 300w, https:\/\/adelfort.ee\/wp-content\/uploads\/2025\/02\/man-hazmat-suit-using-gun-paint-car-shop-1024x683.jpg 1024w, https:\/\/adelfort.ee\/wp-content\/uploads\/2025\/02\/man-hazmat-suit-using-gun-paint-car-shop-768x512.jpg 768w, https:\/\/adelfort.ee\/wp-content\/uploads\/2025\/02\/man-hazmat-suit-using-gun-paint-car-shop-1536x1024.jpg 1536w, https:\/\/adelfort.ee\/wp-content\/uploads\/2025\/02\/man-hazmat-suit-using-gun-paint-car-shop-2048x1365.jpg 2048w\" sizes=\"auto, (max-width: 2560px) 100vw, 2560px\" \/><div class=\"wp-block-cover__inner-container is-layout-flow wp-block-cover-is-layout-flow\">\n<div style=\"height:100px\" aria-hidden=\"true\" class=\"wp-block-spacer\"><\/div>\n<\/div><\/div>\n\n\n\n<div class=\"wp-block-buttons is-content-justification-center is-layout-flex wp-container-core-buttons-is-layout-a89b3969 wp-block-buttons-is-layout-flex\">\n<div class=\"wp-block-button\"><a class=\"wp-block-button__link wp-element-button\" href=\"https:\/\/adelfort.ee\/en\/kontakt\/\">Contact us<\/a><\/div>\n<\/div>\n<\/div>\n\n\n\n<div class=\"wp-block-group alignfull has-background-background-color has-background has-global-padding is-layout-constrained wp-container-core-group-is-layout-7276a2bb wp-block-group-is-layout-constrained\" id=\"meist\" style=\"margin-top:0;margin-bottom:0;padding-top:var(--wp--preset--spacing--60);padding-right:var(--wp--preset--spacing--30);padding-bottom:var(--wp--preset--spacing--60);padding-left:var(--wp--preset--spacing--30)\">\n<div class=\"wp-block-columns alignwide is-layout-flex wp-container-core-columns-is-layout-47c06fe3 wp-block-columns-is-layout-flex\">\n<div class=\"wp-block-column is-layout-flow wp-container-core-column-is-layout-119bc444 wp-block-column-is-layout-flow\" style=\"flex-basis:60%\">\n<h2 class=\"wp-block-heading\">Car tinman<\/h2>\n\n\n\n<p class=\"has-medium-font-size\" style=\"margin-top:16px\"><strong>Job description<\/strong><\/p>\n\n\n\n<ul class=\"wp-block-list\">\n<li>Fitting and assembly of vehicle bodies and interiors. <\/li>\n\n\n\n<li>Welding according to technological instructions.<\/li>\n\n\n\n<li>Carrying out technical measurements and using the results accurately.<\/li>\n\n\n\n<li>Surface smoothing and joining of body parts.<\/li>\n\n\n\n<li>Performing glasswork and plastic part processing tasks.<\/li>\n\n\n\n<li>Independent organization of one's workplace and efficient use of work tools.<\/li>\n<\/ul>\n\n\n\n<p class=\"has-medium-font-size\"><strong>Expectations for the candidate<\/strong><\/p>\n\n\n\n<ul class=\"wp-block-list\">\n<li>At least 3 years of work experience.<\/li>\n\n\n\n<li>Ability to work in different environments.<\/li>\n\n\n\n<li>Strength and physical endurance to perform work tasks that may involve physical exertion of the body.<\/li>\n\n\n\n<li>Good time management skills and the ability to manage several tasks simultaneously.<\/li>\n\n\n\n<li>Willingness to learn and adapt to the latest technologies and materials.<\/li>\n\n\n\n<li>Accuracy and attention to detail to ensure quality and accuracy of work.<\/li>\n\n\n\n<li>Positive attitude and a team spirit to support colleagues and achieve common goals.<\/li>\n<\/ul>\n\n\n\n<p class=\"has-medium-font-size\"><strong>The company offers<\/strong><\/p>\n\n\n\n<ul class=\"wp-block-list\">\n<li>Brutotasu alates 3350\u20ac\/kuus, lisaks laevapiletite ja k\u00fctusekompensatsioon.<\/li>\n\n\n\n<li>T\u00f6\u00f6koht d\u00fcnaamilises ja toetavas keskkonnas.<\/li>\n\n\n\n<li>Flexible working time arrangements (very convenient for the employee).<\/li>\n\n\n\n<li>Free accommodation in Finland.<\/li>\n<\/ul>\n\n\n\n<p class=\"has-medium-font-size\" style=\"margin-top:16px\"><strong>For more information call +372 5811 9200.&nbsp;<\/strong><\/p>\n\n\n\n<p class=\"has-small-font-size\">Pictures from freepik.com<\/p>\n<\/div>\n\n\n\n<div class=\"wp-block-column is-vertically-aligned-top is-layout-flow wp-container-core-column-is-layout-f5bb311e wp-block-column-is-layout-flow\" style=\"flex-basis:50%\"><\/div>\n<\/div>\n\n\n\n<div class=\"wp-block-cover alignwide is-light\" style=\"border-radius:1.5rem;min-height:352px;aspect-ratio:unset;\"><span aria-hidden=\"true\" class=\"wp-block-cover__background has-background-dim-0 has-background-dim\" style=\"background-color:#b9b1b1\"><\/span><img loading=\"lazy\" decoding=\"async\" width=\"2560\" height=\"1709\" class=\"wp-block-cover__image-background wp-image-138\" alt=\"\" src=\"https:\/\/adelfort.ee\/wp-content\/uploads\/2025\/02\/young-man-checking-car-dealership-scaled.jpg\" style=\"object-position:54% 66%\" data-object-fit=\"cover\" data-object-position=\"54% 66%\" srcset=\"https:\/\/adelfort.ee\/wp-content\/uploads\/2025\/02\/young-man-checking-car-dealership-scaled.jpg 2560w, https:\/\/adelfort.ee\/wp-content\/uploads\/2025\/02\/young-man-checking-car-dealership-300x200.jpg 300w, https:\/\/adelfort.ee\/wp-content\/uploads\/2025\/02\/young-man-checking-car-dealership-1024x684.jpg 1024w, https:\/\/adelfort.ee\/wp-content\/uploads\/2025\/02\/young-man-checking-car-dealership-768x513.jpg 768w, https:\/\/adelfort.ee\/wp-content\/uploads\/2025\/02\/young-man-checking-car-dealership-1536x1025.jpg 1536w, https:\/\/adelfort.ee\/wp-content\/uploads\/2025\/02\/young-man-checking-car-dealership-2048x1367.jpg 2048w\" sizes=\"auto, (max-width: 2560px) 100vw, 2560px\" \/><div class=\"wp-block-cover__inner-container is-layout-flow wp-block-cover-is-layout-flow\">\n<div style=\"height:100px\" aria-hidden=\"true\" class=\"wp-block-spacer\"><\/div>\n<\/div><\/div>\n\n\n\n<div class=\"wp-block-buttons is-layout-flex wp-block-buttons-is-layout-flex\">\n<div class=\"wp-block-button\"><a class=\"wp-block-button__link wp-element-button\" href=\"https:\/\/adelfort.ee\/en\/kontakt\/\">Contact us<\/a><\/div>\n<\/div>\n<\/div>\n\n\n\n<div class=\"wp-block-group alignwide has-tertiary-background-color has-background has-global-padding is-layout-constrained wp-container-core-group-is-layout-056f53c0 wp-block-group-is-layout-constrained\" style=\"border-radius:1.5rem;padding-top:var(--wp--preset--spacing--40);padding-right:var(--wp--preset--spacing--40);padding-bottom:var(--wp--preset--spacing--40);padding-left:var(--wp--preset--spacing--40)\">\n<div class=\"wp-block-group alignwide is-vertical is-layout-flex wp-container-core-group-is-layout-fe9cc265 wp-block-group-is-layout-flex\">\n<div class=\"wp-block-group has-global-padding is-layout-constrained wp-block-group-is-layout-constrained\">\n<h2 class=\"wp-block-heading\" style=\"margin-top:12px\">Our values<\/h2>\n<\/div>\n<\/div>\n\n\n\n<div class=\"wp-block-columns alignwide is-layout-flex wp-container-core-columns-is-layout-47c06fe3 wp-block-columns-is-layout-flex\">\n<div class=\"wp-block-column is-layout-flow wp-block-column-is-layout-flow\">\n<div class=\"wp-block-group has-global-padding is-layout-constrained wp-block-group-is-layout-constrained\">\n<h3 class=\"wp-block-heading\" style=\"font-size:clamp(14px, 0.875rem + ((1vw - 3.2px) * 0.625), 20px);line-height:1.5\"><strong>Reliability<\/strong><\/h3>\n\n\n\n<p class=\"has-small-font-size\" style=\"margin-top:8px\">We deliver on our promises and provide a workforce that customers can rely on.<\/p>\n<\/div>\n\n\n\n<div class=\"wp-block-group has-global-padding is-layout-constrained wp-block-group-is-layout-constrained\">\n<h3 class=\"wp-block-heading\" style=\"font-size:clamp(14px, 0.875rem + ((1vw - 3.2px) * 0.625), 20px);line-height:1.5\">Cooperation<\/h3>\n\n\n\n<p class=\"has-small-font-size\" style=\"margin-top:8px\">We put long-term relationships based on mutual trust at the heart of our work.<\/p>\n<\/div>\n<\/div>\n\n\n\n<div class=\"wp-block-column is-layout-flow wp-block-column-is-layout-flow\">\n<div class=\"wp-block-group has-global-padding is-layout-constrained wp-block-group-is-layout-constrained\">\n<h3 class=\"wp-block-heading\" style=\"font-size:clamp(14px, 0.875rem + ((1vw - 3.2px) * 0.625), 20px);line-height:1.5\"><strong>Flexibility<\/strong><\/h3>\n\n\n\n<p class=\"has-small-font-size\" style=\"margin-top:8px\">We always adapt to partners' needs and situations.<\/p>\n<\/div>\n\n\n\n<div class=\"wp-block-group has-global-padding is-layout-constrained wp-block-group-is-layout-constrained\">\n<h3 class=\"wp-block-heading\" style=\"font-size:clamp(14px, 0.875rem + ((1vw - 3.2px) * 0.625), 20px);line-height:1.5\">International coverage<\/h3>\n\n\n\n<p class=\"has-small-font-size\" style=\"margin-top:8px\">We connect businesses and professionals in different countries, creating opportunities for employers and employees alike.<\/p>\n<\/div>\n<\/div>\n\n\n\n<div class=\"wp-block-column is-layout-flow wp-block-column-is-layout-flow\">\n<div class=\"wp-block-group has-global-padding is-layout-constrained wp-block-group-is-layout-constrained\">\n<h3 class=\"wp-block-heading\" style=\"font-size:clamp(14px, 0.875rem + ((1vw - 3.2px) * 0.625), 20px);line-height:1.5\"><strong>Quality<\/strong><\/h3>\n\n\n\n<p class=\"has-small-font-size\" style=\"margin-top:8px\">We carefully select our professionals to ensure excellence in every project.<\/p>\n<\/div>\n<\/div>\n<\/div>\n<\/div>\n\n\n\n<p><\/p>","protected":false},"excerpt":{"rendered":"<p>Vabad t\u00f6\u00f6kohad Automaaler T\u00f6\u00f6 kirjeldus Ootused kandidaadile Ettev\u00f5te pakub Lisainfo telefoni teel +372 5811 9200.&nbsp; Autoplekksepp T\u00f6\u00f6 kirjeldus Ootused kandidaadile Ettev\u00f5te pakub Lisainfo telefoni teel +372 5811 9200.&nbsp; Pildid p\u00e4rinevad freepik.com Meie v\u00e4\u00e4rtused Usaldusv\u00e4\u00e4rsus T\u00e4idame oma lubadused ja pakume t\u00f6\u00f6j\u00f5udu, kelle peale kliendid saavad kindlad olla. Koost\u00f6\u00f6 Hoiame keskmes pikaajalisi suhteid, mis p\u00f5hinevad vastastikusel usaldusel. [&hellip;]<\/p>\n","protected":false},"author":1,"featured_media":0,"parent":0,"menu_order":0,"comment_status":"closed","ping_status":"closed","template":"no-title","meta":{"footnotes":""},"class_list":["post-33","page","type-page","status-publish","hentry"],"aioseo_notices":[],"_links":{"self":[{"href":"https:\/\/adelfort.ee\/en\/wp-json\/wp\/v2\/pages\/33","targetHints":{"allow":["GET"]}}],"collection":[{"href":"https:\/\/adelfort.ee\/en\/wp-json\/wp\/v2\/pages"}],"about":[{"href":"https:\/\/adelfort.ee\/en\/wp-json\/wp\/v2\/types\/page"}],"author":[{"embeddable":true,"href":"https:\/\/adelfort.ee\/en\/wp-json\/wp\/v2\/users\/1"}],"replies":[{"embeddable":true,"href":"https:\/\/adelfort.ee\/en\/wp-json\/wp\/v2\/comments?post=33"}],"version-history":[{"count":5,"href":"https:\/\/adelfort.ee\/en\/wp-json\/wp\/v2\/pages\/33\/revisions"}],"predecessor-version":[{"id":170,"href":"https:\/\/adelfort.ee\/en\/wp-json\/wp\/v2\/pages\/33\/revisions\/170"}],"wp:attachment":[{"href":"https:\/\/adelfort.ee\/en\/wp-json\/wp\/v2\/media?parent=33"}],"curies":[{"name":"wp","href":"https:\/\/api.w.org\/{rel}","templated":true}]}}