{"id":34,"date":"2025-02-04T14:53:08","date_gmt":"2025-02-04T14:53:08","guid":{"rendered":"https:\/\/adelfort.ee\/avaleht\/"},"modified":"2025-03-19T07:01:46","modified_gmt":"2025-03-19T07:01:46","slug":"avaleht","status":"publish","type":"page","link":"https:\/\/adelfort.ee\/en\/","title":{"rendered":"Avaleht"},"content":{"rendered":"<div class=\"wp-block-group alignfull has-background has-global-padding is-layout-constrained wp-container-core-group-is-layout-3c3105c8 wp-block-group-is-layout-constrained\" style=\"background:linear-gradient(135deg,rgb(6,147,227) 0%,rgba(33,187,82,0.47) 66%,rgb(155,81,224) 100%);margin-top:0;margin-bottom:0;padding-top:var(--wp--preset--spacing--80);padding-bottom:var(--wp--preset--spacing--80);background-image:url(&apos;https:\/\/adelfort.ee\/wp-content\/uploads\/2025\/02\/bokeh-lights-greenness-scaled.jpg&apos;);background-position:49% 51%;background-size:cover;background-attachment:fixed;\">\n<div class=\"wp-block-group has-global-padding is-layout-constrained wp-block-group-is-layout-constrained\">\n<h3 class=\"wp-block-heading has-text-align-center has-xx-large-font-size\">Labor rental in Estonia and Finland<\/h3>\n\n\n\n<p class=\"has-text-align-center has-medium-font-size\">The right people, in the right jobs!<\/p>\n\n\n\n<div class=\"wp-block-buttons is-content-justification-center is-layout-flex wp-container-core-buttons-is-layout-9165764d wp-block-buttons-is-layout-flex\" style=\"margin-top:var(--wp--preset--spacing--30)\">\n<div class=\"wp-block-button\"><a class=\"wp-block-button__link has-text-align-center wp-element-button\" href=\"https:\/\/adelfort.ee\/en\/teenused\/\">Explore our services<\/a><\/div>\n<\/div>\n<\/div>\n<\/div>\n\n\n\n<div class=\"wp-block-group alignfull has-tertiary-background-color has-background has-global-padding is-layout-constrained wp-container-core-group-is-layout-7276a2bb wp-block-group-is-layout-constrained\" id=\"meist\" style=\"margin-top:0;margin-bottom:0;padding-top:var(--wp--preset--spacing--60);padding-right:var(--wp--preset--spacing--30);padding-bottom:var(--wp--preset--spacing--60);padding-left:var(--wp--preset--spacing--30)\">\n<div class=\"wp-block-columns alignwide is-layout-flex wp-container-core-columns-is-layout-47c06fe3 wp-block-columns-is-layout-flex\">\n<div class=\"wp-block-column is-layout-flow wp-container-core-column-is-layout-119bc444 wp-block-column-is-layout-flow\" style=\"flex-basis:60%\">\n<h2 class=\"wp-block-heading\">Flexible solutions<\/h2>\n\n\n\n<p class=\"has-medium-font-size\" style=\"margin-top:16px\">Our aim is to build long-term partnerships, offering high-quality and flexible labour hire services in Estonia and international markets. Our vision is to be a trusted link between companies and skilled workers, supporting both parties in achieving success.<\/p>\n\n\n\n<div class=\"wp-block-buttons is-content-justification-left is-layout-flex wp-container-core-buttons-is-layout-fc4fd283 wp-block-buttons-is-layout-flex\">\n<div class=\"wp-block-button is-style-outline is-style-outline--1\"><a class=\"wp-block-button__link wp-element-button\" href=\"https:\/\/adelfort.ee\/en\/meist\/\">Read more about us<\/a><\/div>\n<\/div>\n<\/div>\n\n\n\n<div class=\"wp-block-column is-vertically-aligned-top is-layout-flow wp-container-core-column-is-layout-f5bb311e wp-block-column-is-layout-flow\" style=\"flex-basis:50%\">\n<figure class=\"wp-block-image size-large has-custom-border\"><img loading=\"lazy\" decoding=\"async\" width=\"683\" height=\"1024\" src=\"https:\/\/adelfort.ee\/wp-content\/uploads\/2025\/03\/colorful-paper-chains-still-life-683x1024.jpg\" alt=\"\" class=\"wp-image-157\" style=\"border-radius:1.5rem;aspect-ratio:1;object-fit:cover\" srcset=\"https:\/\/adelfort.ee\/wp-content\/uploads\/2025\/03\/colorful-paper-chains-still-life-683x1024.jpg 683w, https:\/\/adelfort.ee\/wp-content\/uploads\/2025\/03\/colorful-paper-chains-still-life-200x300.jpg 200w, https:\/\/adelfort.ee\/wp-content\/uploads\/2025\/03\/colorful-paper-chains-still-life-768x1151.jpg 768w, https:\/\/adelfort.ee\/wp-content\/uploads\/2025\/03\/colorful-paper-chains-still-life-1025x1536.jpg 1025w, https:\/\/adelfort.ee\/wp-content\/uploads\/2025\/03\/colorful-paper-chains-still-life-1367x2048.jpg 1367w, https:\/\/adelfort.ee\/wp-content\/uploads\/2025\/03\/colorful-paper-chains-still-life-8x12.jpg 8w, https:\/\/adelfort.ee\/wp-content\/uploads\/2025\/03\/colorful-paper-chains-still-life-scaled.jpg 1708w\" sizes=\"auto, (max-width: 683px) 100vw, 683px\" \/><\/figure>\n<\/div>\n<\/div>\n<\/div>\n\n\n\n<div class=\"wp-block-group alignfull has-background-background-color has-background has-global-padding is-layout-constrained wp-container-core-group-is-layout-68d5e5bb wp-block-group-is-layout-constrained\" id=\"omadused\" style=\"margin-top:0;margin-bottom:0;padding-top:var(--wp--preset--spacing--50);padding-right:var(--wp--preset--spacing--30);padding-bottom:var(--wp--preset--spacing--60);padding-left:var(--wp--preset--spacing--30)\">\n<div class=\"wp-block-group alignwide has-tertiary-background-color has-background has-global-padding is-layout-constrained wp-container-core-group-is-layout-056f53c0 wp-block-group-is-layout-constrained\" style=\"border-radius:1.5rem;padding-top:var(--wp--preset--spacing--40);padding-right:var(--wp--preset--spacing--40);padding-bottom:var(--wp--preset--spacing--40);padding-left:var(--wp--preset--spacing--40)\">\n<div class=\"wp-block-group alignwide is-vertical is-layout-flex wp-container-core-group-is-layout-fe9cc265 wp-block-group-is-layout-flex\">\n<div class=\"wp-block-group has-global-padding is-layout-constrained wp-block-group-is-layout-constrained\">\n<h2 class=\"wp-block-heading\" style=\"margin-top:12px\">Our values<\/h2>\n<\/div>\n<\/div>\n\n\n\n<div class=\"wp-block-columns alignwide is-layout-flex wp-container-core-columns-is-layout-47c06fe3 wp-block-columns-is-layout-flex\">\n<div class=\"wp-block-column is-layout-flow wp-block-column-is-layout-flow\">\n<div class=\"wp-block-group has-global-padding is-layout-constrained wp-block-group-is-layout-constrained\">\n<h3 class=\"wp-block-heading\" style=\"font-size:clamp(14px, 0.875rem + ((1vw - 3.2px) * 0.625), 20px);line-height:1.5\"><strong>Reliability<\/strong><\/h3>\n\n\n\n<p class=\"has-small-font-size\" style=\"margin-top:8px\">We deliver on our promises and provide a workforce that customers can rely on.<\/p>\n<\/div>\n\n\n\n<div class=\"wp-block-group has-global-padding is-layout-constrained wp-block-group-is-layout-constrained\">\n<h3 class=\"wp-block-heading\" style=\"font-size:clamp(14px, 0.875rem + ((1vw - 3.2px) * 0.625), 20px);line-height:1.5\">Cooperation<\/h3>\n\n\n\n<p class=\"has-small-font-size\" style=\"margin-top:8px\">We put long-term relationships based on mutual trust at the heart of our work.<\/p>\n<\/div>\n<\/div>\n\n\n\n<div class=\"wp-block-column is-layout-flow wp-block-column-is-layout-flow\">\n<div class=\"wp-block-group has-global-padding is-layout-constrained wp-block-group-is-layout-constrained\">\n<h3 class=\"wp-block-heading\" style=\"font-size:clamp(14px, 0.875rem + ((1vw - 3.2px) * 0.625), 20px);line-height:1.5\"><strong>Flexibility<\/strong><\/h3>\n\n\n\n<p class=\"has-small-font-size\" style=\"margin-top:8px\">We always adapt to partners' needs and situations.<\/p>\n<\/div>\n\n\n\n<div class=\"wp-block-group has-global-padding is-layout-constrained wp-block-group-is-layout-constrained\">\n<h3 class=\"wp-block-heading\" style=\"font-size:clamp(14px, 0.875rem + ((1vw - 3.2px) * 0.625), 20px);line-height:1.5\">International coverage<\/h3>\n\n\n\n<p class=\"has-small-font-size\" style=\"margin-top:8px\">We connect businesses and professionals in different countries, creating opportunities for employers and employees alike.<\/p>\n<\/div>\n<\/div>\n\n\n\n<div class=\"wp-block-column is-layout-flow wp-block-column-is-layout-flow\">\n<div class=\"wp-block-group has-global-padding is-layout-constrained wp-block-group-is-layout-constrained\">\n<h3 class=\"wp-block-heading\" style=\"font-size:clamp(14px, 0.875rem + ((1vw - 3.2px) * 0.625), 20px);line-height:1.5\"><strong>Quality<\/strong><\/h3>\n\n\n\n<p class=\"has-small-font-size\" style=\"margin-top:8px\">We carefully select our professionals to ensure excellence in every project.<\/p>\n<\/div>\n<\/div>\n<\/div>\n<\/div>\n<\/div>","protected":false},"excerpt":{"rendered":"<p>T\u00f6\u00f6j\u00f5urent Eestis ja Soomes \u00d5iged inimesed, \u00f5igetele ametikohtadele! Paindlikud lahendused Meie eesm\u00e4rk on luua pikaajalisi partnerlussuhteid, pakkudes kvaliteetset ja paindlikku t\u00f6\u00f6j\u00f5urendi teenust nii Eestis kui ka rahvusvahelistel turgudel. Meie visioon on olla usaldusv\u00e4\u00e4rne \u00fchendusl\u00fcli ettev\u00f5tete ja oskuslike t\u00f6\u00f6tajate vahel, toetades m\u00f5lemaid osapooli edukuse saavutamisel. Meie v\u00e4\u00e4rtused Usaldusv\u00e4\u00e4rsus T\u00e4idame oma lubadused ja pakume t\u00f6\u00f6j\u00f5udu, kelle peale [&hellip;]<\/p>\n","protected":false},"author":1,"featured_media":0,"parent":0,"menu_order":0,"comment_status":"closed","ping_status":"closed","template":"no-title","meta":{"footnotes":""},"class_list":["post-34","page","type-page","status-publish","hentry"],"aioseo_notices":[],"_links":{"self":[{"href":"https:\/\/adelfort.ee\/en\/wp-json\/wp\/v2\/pages\/34","targetHints":{"allow":["GET"]}}],"collection":[{"href":"https:\/\/adelfort.ee\/en\/wp-json\/wp\/v2\/pages"}],"about":[{"href":"https:\/\/adelfort.ee\/en\/wp-json\/wp\/v2\/types\/page"}],"author":[{"embeddable":true,"href":"https:\/\/adelfort.ee\/en\/wp-json\/wp\/v2\/users\/1"}],"replies":[{"embeddable":true,"href":"https:\/\/adelfort.ee\/en\/wp-json\/wp\/v2\/comments?post=34"}],"version-history":[{"count":5,"href":"https:\/\/adelfort.ee\/en\/wp-json\/wp\/v2\/pages\/34\/revisions"}],"predecessor-version":[{"id":159,"href":"https:\/\/adelfort.ee\/en\/wp-json\/wp\/v2\/pages\/34\/revisions\/159"}],"wp:attachment":[{"href":"https:\/\/adelfort.ee\/en\/wp-json\/wp\/v2\/media?parent=34"}],"curies":[{"name":"wp","href":"https:\/\/api.w.org\/{rel}","templated":true}]}}